{"id":128,"date":"2024-09-30T14:52:27","date_gmt":"2024-09-30T14:52:27","guid":{"rendered":"http:\/\/louis-klein.mdworks-dev.cz\/?page_id=3"},"modified":"2025-02-10T23:01:10","modified_gmt":"2025-02-10T22:01:10","slug":"pravni-uprava","status":"publish","type":"page","link":"https:\/\/www.louiskleingolf.com\/cs\/pravni-uprava\/","title":{"rendered":"Pr\u00e1vn\u00ed \u00faprava"},"content":{"rendered":"\n<h2 class=\"wp-block-heading\">Prohl\u00e1\u0161en\u00ed o ochran\u011b osobn\u00edch \u00fadaj\u016f<\/h2>\n\n\n\n<h4 class=\"wp-block-heading\">Shroma\u017e\u010fovan\u00e9 informace a jejich vyu\u017eit\u00ed<\/h4>\n\n\n\n<p>P\u0159\u00edstup na str\u00e1nky www.louiskleingolf.com m\u016f\u017ee b\u00fdt ze strany Provozovatele podm\u00edn\u011bn poskytnut\u00edm n\u011bkter\u00fdch osobn\u00edch \u00fadaj\u016f U\u017eivatele ve smyslu z\u00e1k. \u010d. 101\/2000 Sb., o ochran\u011b osobn\u00edch \u00fadaj\u016f a p\u0159\u00edpadn\u011b i jin\u00fdch z\u00e1kon\u016f, v platn\u00e9m zn\u011bn\u00ed. V takov\u00e9m p\u0159\u00edpad\u011b bude Provozovatel s t\u011bmito \u00fadaji nakl\u00e1dat v souladu s platn\u00fdmi pr\u00e1vn\u00edmi p\u0159edpisy.<\/p>\n\n\n\n<h4 class=\"wp-block-heading\">P\u0159ed\u00e1v\u00e1n\u00ed osobn\u00edch \u00fadaj\u016f<\/h4>\n\n\n\n<p>Provozovatel spolupracuje se spole\u010dnostmi, kter\u00e9 mu poskytuj\u00ed r\u016fzn\u00e9 slu\u017eby. Tyto spole\u010dnosti, pokud jsou k tomu opr\u00e1vn\u011bn\u00e9, mohou nakl\u00e1dat s osobn\u00edmi \u00fadaji U\u017eivatele, p\u0159i\u010dem\u017e s t\u011bmito informacemi pracuj\u00ed pouze p\u0159i pln\u011bn\u00ed sv\u00fdch povinnost\u00ed a nesm\u00ed je pou\u017e\u00edt k jin\u00e9mu \u00fa\u010delu. Provozovatel neprod\u00e1v\u00e1, nep\u0159ev\u00e1d\u00ed a nesd\u011bluje osobn\u00ed \u00fadaje t\u0159et\u00edm stran\u00e1m.<br><br>Provozovatel si v\u0161ak vyhrazuje pr\u00e1vo pou\u017e\u00edt nebo p\u0159edat jak\u00fdkoli \u00fadaj, kter\u00fd bude pot\u0159ebn\u00fd k napln\u011bn\u00ed pr\u00e1vn\u00edch p\u0159edpis\u016f, k ochran\u011b integrity s\u00edt\u011b, ke spln\u011bn\u00ed po\u017eadavku U\u017eivatele nebo p\u0159i soudn\u00edm vy\u0161et\u0159ov\u00e1n\u00ed a vy\u0161et\u0159ov\u00e1n\u00ed ve ve\u0159ejn\u00e9m z\u00e1jmu.<br><br>Pokud si U\u017eivatel p\u0159eje opravit osobn\u00ed data, kter\u00e9 o n\u011bm Provozovatel m\u00e1, m\u016f\u017ee jej o to po\u017e\u00e1dat na emailov\u00e9 adrese <a href=\"mailto:info@louiskleingolf.com\" target=\"_blank\" rel=\"noreferrer noopener\">info@louiskleingolf.com<\/a> nebo na po\u0161tovn\u00ed adrese uveden\u00e9 na str\u00e1nce Kontakty \u010di str\u00e1nce o autorsk\u00fdch pr\u00e1vech.<\/p>\n\n\n\n<h4 class=\"wp-block-heading\">K\u00f3dy t\u0159et\u00edch stran<\/h4>\n\n\n\n<p>Na tomto webu pou\u017e\u00edv\u00e1me k\u00f3dy od spole\u010dnost\u00ed Google, kter\u00e9 n\u00e1m pom\u00e1haj\u00ed analyzovat chov\u00e1n\u00ed n\u00e1v\u0161t\u011bvn\u00edk\u016f webu.<\/p>\n\n\n\n<h5 class=\"wp-block-heading\">Google Analytics<\/h5>\n\n\n\n<p>Tyto str\u00e1nky vyu\u017e\u00edvaj\u00ed slu\u017ebu Google Analytics, poskytovanou spole\u010dnost\u00ed Google, Inc. (d\u00e1le jen \u201eGoogle\u201c). Slu\u017eba Google Analytics pou\u017e\u00edv\u00e1 soubor\u016f \u201ecookies\u201c, kter\u00e9 jsou textov\u00fdmi soubory ukl\u00e1dan\u00fdmi do va\u0161eho po\u010d\u00edta\u010de, umo\u017e\u0148uj\u00edc\u00ed anal\u00fdzu zp\u016fsobu u\u017e\u00edv\u00e1n\u00ed t\u00e9to str\u00e1nky jej\u00edmi u\u017eivateli. Informace vygenerovan\u00e9 souborem cookie o u\u017e\u00edv\u00e1n\u00ed str\u00e1nky (v\u010detn\u011b va\u0161\u00ed IP adresy) budou spole\u010dnost\u00ed Google p\u0159eneseny a ulo\u017eeny na serverech ve Spojen\u00fdch st\u00e1tech.<br><br>Google bude u\u017e\u00edvat tyto informace pro \u00fa\u010dely vyhodnocov\u00e1n\u00ed u\u017e\u00edv\u00e1n\u00ed str\u00e1nky a vytv\u00e1\u0159en\u00ed zpr\u00e1v o jej\u00ed aktivit\u011b, ur\u010den\u00fdch pro jej\u00ed provozovatele, a pro poskytov\u00e1n\u00ed dal\u0161\u00edch slu\u017eeb t\u00fdkaj\u00edc\u00edch se \u010dinnost\u00ed na str\u00e1nce a u\u017e\u00edv\u00e1n\u00ed internetu v\u016fbec. Google m\u016f\u017ee tak\u00e9 poskytnout tyto informace t\u0159et\u00edm osob\u00e1m, bude-li to po\u017eadov\u00e1no z\u00e1konem nebo budou-li takov\u00e9to t\u0159et\u00ed osoby zpracov\u00e1vat tyto informace pro Google. Google nebude spojovat va\u0161i IP adresu s jak\u00fdmikoli jin\u00fdmi daty, kter\u00e1 m\u00e1 k dispozici. M\u016f\u017eete odm\u00edtnout pou\u017e\u00edv\u00e1n\u00ed soubor\u016f cookies volbou v p\u0159\u00edslu\u0161n\u00e9m nastaven\u00ed ve va\u0161em prohl\u00ed\u017ee\u010di, av\u0161ak uv\u011bdomte si, \u017ee jestli\u017ee tak u\u010din\u00edte, nebudete schopni pln\u011b vyu\u017e\u00edvat ve\u0161ker\u00e9 funkce t\u00e9to str\u00e1nky. Pou\u017e\u00edv\u00e1n\u00edm t\u00e9to str\u00e1nky souhlas\u00edte se zpracov\u00e1v\u00e1n\u00edm \u00fadaj\u016f o v\u00e1s spole\u010dnost\u00ed Google, a to zp\u016fsobem a k \u00fa\u010delu shora uveden\u00fdm.<br><br>Detailn\u00ed informace o Google Analytics a ochran\u011b osobn\u00edch \u00fadaj\u016f naleznete na:<a href=\"http:\/\/www.google.com\/intl\/cs\/privacy\/privacy-policy.html\" target=\"_blank\" rel=\"noreferrer noopener\">http:\/\/www.google.com\/intl\/cs\/privacy\/privacy-policy.html<br>\u200d<\/a>Pokud chcete zabr\u00e1nit sledov\u00e1n\u00ed, m\u016f\u017eete instalovat dopln\u011bk do va\u0161eho webov\u00e9ho prohl\u00ed\u017ee\u010de:<a href=\"http:\/\/tools.google.com\/dlpage\/gaoptout\" target=\"_blank\" rel=\"noreferrer noopener\">http:\/\/tools.google.com\/dlpage\/gaoptout<\/a><\/p>\n\n\n\n<h5 class=\"wp-block-heading\">Cookies<\/h5>\n\n\n\n<p>\u201eCookies\u201c jsou informace, kter\u00e9 jsou z internetov\u00e9 str\u00e1nky p\u0159ev\u00e1d\u011bny na hard disk po\u010d\u00edta\u010de U\u017eivatele. Cookies umo\u017e\u0148uj\u00ed internetov\u00e9 str\u00e1nce zapamatovat si d\u016fle\u017eit\u00e9 informace, kter\u00e9 U\u017eivateli uleh\u010d\u00ed dal\u0161\u00ed jej\u00ed pou\u017e\u00edv\u00e1n\u00ed.<br><br>Jako v\u011bt\u0161ina internetov\u00fdch str\u00e1nek, i str\u00e1nky Provozovatele pou\u017e\u00edvaj\u00ed cookies. Na z\u00e1klad\u011b anonymn\u00edch datov\u00fdch objekt\u016f nap\u0159\u00edklad Provozovatel sleduje celkov\u00fd po\u010det n\u00e1v\u0161t\u011bvn\u00edk\u016f na t\u011bchto str\u00e1nk\u00e1ch.<br><br>Pokud nechce U\u017eivatel cookies pou\u017e\u00edvat nebo pokud chce, aby internetov\u00fd prohl\u00ed\u017ee\u010d pou\u017eit\u00ed cookies ozn\u00e1mil, mus\u00ed tento ve sv\u00e9m internetov\u00e9m prohl\u00ed\u017ee\u010di vybrat p\u0159\u00edslu\u0161nou volbu. Zablokuje-li U\u017eivatel v\u0161echna cookies, nebude moci vyu\u017e\u00edt n\u011bkter\u00e9 funkce t\u011bchto str\u00e1nek.<\/p>\n\n\n\n<h5 class=\"wp-block-heading\">Odkazy na jin\u00e9 str\u00e1nky<\/h5>\n\n\n\n<p>Provozovatel si vyhrazuje pr\u00e1vo jakkoliv a kdykoliv m\u011bnit svoji politiku ochrany osobn\u00edch dat, p\u0159i\u010dem\u017e aktu\u00e1ln\u00ed stav bude v\u017edy um\u00edstn\u011bn na t\u011bchto str\u00e1nk\u00e1ch.<\/p>\n\n\n\n<h5 class=\"wp-block-heading\">Zm\u011bny v politice ochrany osobn\u00edch da<\/h5>\n\n\n\n<p>Provozovatel si vyhrazuje pr\u00e1vo jakkoliv a kdykoliv m\u011bnit svoji politiku ochrany osobn\u00edch dat, p\u0159i\u010dem\u017e aktu\u00e1ln\u00ed stav bude v\u017edy um\u00edstn\u011bn na t\u011bchto str\u00e1nk\u00e1ch.<\/p>\n\n\n\n<h5 class=\"wp-block-heading\">Chov\u00e1n\u00ed u\u017eivatel\u016f<\/h5>\n\n\n\n<p>P\u0159i pou\u017e\u00edv\u00e1n\u00ed t\u011bchto str\u00e1nek U\u017eivatel nesm\u00ed zasahovat do bezpe\u010dnosti t\u011bchto str\u00e1nek, nem\u016f\u017ee tyto str\u00e1nky vyu\u017e\u00edvat k p\u0159en\u00e1\u0161en\u00ed \u0161kodliv\u00fdch soubor\u016f a sna\u017eit se proniknout do ve\u0159ejn\u011b nep\u0159\u00edstupn\u00fdch m\u00edst t\u011bchto str\u00e1nek. U\u017eivatel je rovn\u011b\u017e povinen ct\u00edt autorsk\u00e1 pr\u00e1va Provozovatele k t\u011bmto str\u00e1nk\u00e1m.<\/p>\n\n\n\n<h5 class=\"wp-block-heading\">Odpov\u011bdnost a pr\u00e1vn\u00ed p\u0159\u00edslu\u0161nost<\/h5>\n\n\n\n<p>P\u0159\u00edpadn\u00e1 rizika plynouc\u00ed U\u017eivateli z pou\u017e\u00edv\u00e1n\u00ed t\u011bchto str\u00e1nek, jsou zcela na U\u017eivateli a Provozovatel za n\u011b nenese jakoukoliv odpov\u011bdnost. Ve\u0161ker\u00e9 spory vznikl\u00e9 v souvislosti s vyu\u017e\u00edv\u00e1n\u00edm t\u011bchto str\u00e1nek, budou projedn\u00e1v\u00e1ny m\u00edstn\u011b p\u0159\u00edslu\u0161n\u00fdm soudem v \u010cesk\u00e9 republice a v souladu se z\u00e1kony \u010cesk\u00e9 republiky.<br><br>Ustanoven\u00ed t\u011bchto podm\u00ednek, kter\u00e9 se z jak\u00e9hokoliv d\u016fvodu stanou nevymahateln\u00e9, budou pova\u017eov\u00e1na za odd\u011bliteln\u00e1 od zb\u00fdvaj\u00edc\u00edch ujedn\u00e1n\u00ed a na jejich platnost a vymahatelnost nebudou m\u00edt vliv.<br><br><em>Ve\u0161ker\u00e9 \u00fadaje, uveden\u00e9 na t\u011bchto str\u00e1nk\u00e1ch v\u010detn\u011b pou\u017eit\u00e9ho obrazov\u00e9ho materi\u00e1lu maj\u00ed nez\u00e1vazn\u00fd informativn\u00ed charakter a tyto nelze vykl\u00e1dat jako nab\u00eddku na uzav\u0159en\u00ed smlouvy, ani jako vymahateln\u00e9 smluvn\u00ed podm\u00ednky. Z\u00e1vazn\u00e9 informace budou klientovi p\u0159edlo\u017eeny v\u017edy v r\u00e1mci konkr\u00e9tn\u00ed obchodn\u00ed a smluvn\u00ed dokumentace.<\/em><\/p>\n","protected":false},"excerpt":{"rendered":"<p>Prohl\u00e1\u0161en\u00ed o ochran\u011b osobn\u00edch \u00fadaj\u016f Shroma\u017e\u010fovan\u00e9 informace a jejich vyu\u017eit\u00ed P\u0159\u00edstup na str\u00e1nky www.louiskleingolf.com m\u016f\u017ee b\u00fdt ze strany Provozovatele podm\u00edn\u011bn poskytnut\u00edm n\u011bkter\u00fdch osobn\u00edch \u00fadaj\u016f U\u017eivatele ve smyslu z\u00e1k. \u010d. 101\/2000 Sb., o ochran\u011b osobn\u00edch \u00fadaj\u016f a p\u0159\u00edpadn\u011b i jin\u00fdch z\u00e1kon\u016f, v platn\u00e9m zn\u011bn\u00ed. V takov\u00e9m p\u0159\u00edpad\u011b bude Provozovatel s t\u011bmito \u00fadaji nakl\u00e1dat v souladu s [&hellip;]<\/p>\n","protected":false},"author":1,"featured_media":0,"parent":0,"menu_order":0,"comment_status":"closed","ping_status":"open","template":"","meta":{"_acf_changed":false,"inline_featured_image":false,"footnotes":""},"class_list":["post-128","page","type-page","status-publish","hentry"],"acf":[],"yoast_head":"<!-- This site is optimized with the Yoast SEO plugin v24.4 - https:\/\/yoast.com\/wordpress\/plugins\/seo\/ -->\n<title>Pr\u00e1vn\u00ed \u00faprava - louiskleingolf.com - CZ<\/title>\n<meta name=\"robots\" content=\"index, follow, max-snippet:-1, max-image-preview:large, max-video-preview:-1\" \/>\n<link rel=\"canonical\" href=\"https:\/\/www.louiskleingolf.com\/cs\/pravni-uprava\/\" \/>\n<meta property=\"og:locale\" content=\"cs_CZ\" \/>\n<meta property=\"og:type\" content=\"article\" \/>\n<meta property=\"og:title\" content=\"Pr\u00e1vn\u00ed \u00faprava - louiskleingolf.com - CZ\" \/>\n<meta property=\"og:description\" content=\"Prohl\u00e1\u0161en\u00ed o ochran\u011b osobn\u00edch \u00fadaj\u016f Shroma\u017e\u010fovan\u00e9 informace a jejich vyu\u017eit\u00ed P\u0159\u00edstup na str\u00e1nky www.louiskleingolf.com m\u016f\u017ee b\u00fdt ze strany Provozovatele podm\u00edn\u011bn poskytnut\u00edm n\u011bkter\u00fdch osobn\u00edch \u00fadaj\u016f U\u017eivatele ve smyslu z\u00e1k. \u010d. 101\/2000 Sb., o ochran\u011b osobn\u00edch \u00fadaj\u016f a p\u0159\u00edpadn\u011b i jin\u00fdch z\u00e1kon\u016f, v platn\u00e9m zn\u011bn\u00ed. V takov\u00e9m p\u0159\u00edpad\u011b bude Provozovatel s t\u011bmito \u00fadaji nakl\u00e1dat v souladu s [&hellip;]\" \/>\n<meta property=\"og:url\" content=\"https:\/\/www.louiskleingolf.com\/cs\/pravni-uprava\/\" \/>\n<meta property=\"og:site_name\" content=\"louiskleingolf.com - CZ\" \/>\n<meta property=\"article:modified_time\" content=\"2025-02-10T22:01:10+00:00\" \/>\n<meta name=\"twitter:card\" content=\"summary_large_image\" \/>\n<meta name=\"twitter:label1\" content=\"Odhadovan\u00e1 doba \u010dten\u00ed\" \/>\n\t<meta name=\"twitter:data1\" content=\"5 minut\" \/>\n<script type=\"application\/ld+json\" class=\"yoast-schema-graph\">{\"@context\":\"https:\/\/schema.org\",\"@graph\":[{\"@type\":\"WebPage\",\"@id\":\"https:\/\/www.louiskleingolf.com\/cs\/pravni-uprava\/\",\"url\":\"https:\/\/www.louiskleingolf.com\/cs\/pravni-uprava\/\",\"name\":\"Pr\u00e1vn\u00ed \u00faprava - louiskleingolf.com - CZ\",\"isPartOf\":{\"@id\":\"https:\/\/www.louiskleingolf.com\/cs\/#website\"},\"datePublished\":\"2024-09-30T14:52:27+00:00\",\"dateModified\":\"2025-02-10T22:01:10+00:00\",\"breadcrumb\":{\"@id\":\"https:\/\/www.louiskleingolf.com\/cs\/pravni-uprava\/#breadcrumb\"},\"inLanguage\":\"cs\",\"potentialAction\":[{\"@type\":\"ReadAction\",\"target\":[\"https:\/\/www.louiskleingolf.com\/cs\/pravni-uprava\/\"]}]},{\"@type\":\"BreadcrumbList\",\"@id\":\"https:\/\/www.louiskleingolf.com\/cs\/pravni-uprava\/#breadcrumb\",\"itemListElement\":[{\"@type\":\"ListItem\",\"position\":1,\"name\":\"Dom\u016f\",\"item\":\"https:\/\/www.louiskleingolf.com\/cs\/\"},{\"@type\":\"ListItem\",\"position\":2,\"name\":\"Pr\u00e1vn\u00ed \u00faprava\"}]},{\"@type\":\"WebSite\",\"@id\":\"https:\/\/www.louiskleingolf.com\/cs\/#website\",\"url\":\"https:\/\/www.louiskleingolf.com\/cs\/\",\"name\":\"louiskleingolf.com - CZ\",\"description\":\"\",\"potentialAction\":[{\"@type\":\"SearchAction\",\"target\":{\"@type\":\"EntryPoint\",\"urlTemplate\":\"https:\/\/www.louiskleingolf.com\/cs\/?s={search_term_string}\"},\"query-input\":{\"@type\":\"PropertyValueSpecification\",\"valueRequired\":true,\"valueName\":\"search_term_string\"}}],\"inLanguage\":\"cs\"}]}<\/script>\n<!-- \/ Yoast SEO plugin. -->","yoast_head_json":{"title":"Pr\u00e1vn\u00ed \u00faprava - louiskleingolf.com - CZ","robots":{"index":"index","follow":"follow","max-snippet":"max-snippet:-1","max-image-preview":"max-image-preview:large","max-video-preview":"max-video-preview:-1"},"canonical":"https:\/\/www.louiskleingolf.com\/cs\/pravni-uprava\/","og_locale":"cs_CZ","og_type":"article","og_title":"Pr\u00e1vn\u00ed \u00faprava - louiskleingolf.com - CZ","og_description":"Prohl\u00e1\u0161en\u00ed o ochran\u011b osobn\u00edch \u00fadaj\u016f Shroma\u017e\u010fovan\u00e9 informace a jejich vyu\u017eit\u00ed P\u0159\u00edstup na str\u00e1nky www.louiskleingolf.com m\u016f\u017ee b\u00fdt ze strany Provozovatele podm\u00edn\u011bn poskytnut\u00edm n\u011bkter\u00fdch osobn\u00edch \u00fadaj\u016f U\u017eivatele ve smyslu z\u00e1k. \u010d. 101\/2000 Sb., o ochran\u011b osobn\u00edch \u00fadaj\u016f a p\u0159\u00edpadn\u011b i jin\u00fdch z\u00e1kon\u016f, v platn\u00e9m zn\u011bn\u00ed. V takov\u00e9m p\u0159\u00edpad\u011b bude Provozovatel s t\u011bmito \u00fadaji nakl\u00e1dat v souladu s [&hellip;]","og_url":"https:\/\/www.louiskleingolf.com\/cs\/pravni-uprava\/","og_site_name":"louiskleingolf.com - CZ","article_modified_time":"2025-02-10T22:01:10+00:00","twitter_card":"summary_large_image","twitter_misc":{"Odhadovan\u00e1 doba \u010dten\u00ed":"5 minut"},"schema":{"@context":"https:\/\/schema.org","@graph":[{"@type":"WebPage","@id":"https:\/\/www.louiskleingolf.com\/cs\/pravni-uprava\/","url":"https:\/\/www.louiskleingolf.com\/cs\/pravni-uprava\/","name":"Pr\u00e1vn\u00ed \u00faprava - louiskleingolf.com - CZ","isPartOf":{"@id":"https:\/\/www.louiskleingolf.com\/cs\/#website"},"datePublished":"2024-09-30T14:52:27+00:00","dateModified":"2025-02-10T22:01:10+00:00","breadcrumb":{"@id":"https:\/\/www.louiskleingolf.com\/cs\/pravni-uprava\/#breadcrumb"},"inLanguage":"cs","potentialAction":[{"@type":"ReadAction","target":["https:\/\/www.louiskleingolf.com\/cs\/pravni-uprava\/"]}]},{"@type":"BreadcrumbList","@id":"https:\/\/www.louiskleingolf.com\/cs\/pravni-uprava\/#breadcrumb","itemListElement":[{"@type":"ListItem","position":1,"name":"Dom\u016f","item":"https:\/\/www.louiskleingolf.com\/cs\/"},{"@type":"ListItem","position":2,"name":"Pr\u00e1vn\u00ed \u00faprava"}]},{"@type":"WebSite","@id":"https:\/\/www.louiskleingolf.com\/cs\/#website","url":"https:\/\/www.louiskleingolf.com\/cs\/","name":"louiskleingolf.com - CZ","description":"","potentialAction":[{"@type":"SearchAction","target":{"@type":"EntryPoint","urlTemplate":"https:\/\/www.louiskleingolf.com\/cs\/?s={search_term_string}"},"query-input":{"@type":"PropertyValueSpecification","valueRequired":true,"valueName":"search_term_string"}}],"inLanguage":"cs"}]}},"_links":{"self":[{"href":"https:\/\/www.louiskleingolf.com\/cs\/wp-json\/wp\/v2\/pages\/128","targetHints":{"allow":["GET"]}}],"collection":[{"href":"https:\/\/www.louiskleingolf.com\/cs\/wp-json\/wp\/v2\/pages"}],"about":[{"href":"https:\/\/www.louiskleingolf.com\/cs\/wp-json\/wp\/v2\/types\/page"}],"author":[{"embeddable":true,"href":"https:\/\/www.louiskleingolf.com\/cs\/wp-json\/wp\/v2\/users\/1"}],"replies":[{"embeddable":true,"href":"https:\/\/www.louiskleingolf.com\/cs\/wp-json\/wp\/v2\/comments?post=128"}],"version-history":[{"count":1,"href":"https:\/\/www.louiskleingolf.com\/cs\/wp-json\/wp\/v2\/pages\/128\/revisions"}],"predecessor-version":[{"id":134,"href":"https:\/\/www.louiskleingolf.com\/cs\/wp-json\/wp\/v2\/pages\/128\/revisions\/134"}],"wp:attachment":[{"href":"https:\/\/www.louiskleingolf.com\/cs\/wp-json\/wp\/v2\/media?parent=128"}],"curies":[{"name":"wp","href":"https:\/\/api.w.org\/{rel}","templated":true}]}}